{"id":35,"date":"2018-02-26T18:08:52","date_gmt":"2018-02-26T17:08:52","guid":{"rendered":"http:\/\/auernheim-mfr.de\/wordpress\/?page_id=35"},"modified":"2021-11-24T21:16:26","modified_gmt":"2021-11-24T20:16:26","slug":"vereine","status":"publish","type":"page","link":"https:\/\/auernheim-mfr.de\/index.php\/vereine\/","title":{"rendered":"Vereine"},"content":{"rendered":"<h1><span style=\"color: #ff0000; font-family: Arial, Helvetica, sans-serif; font-size: xx-large;\"><span style=\"color: #ff0000; font-family: Arial, Helvetica, sans-serif; font-size: x-large;\"><img loading=\"lazy\" decoding=\"async\" class=\"alignright\" src=\"https:\/\/auernheim-mfr.de\/Vereine\/Feuerwehr\/Logo.gif\" width=\"74\" height=\"74\" \/><\/span><\/span> Freiwillige Feuerwehr<\/h1>\n<blockquote><p>Unsere FFW wurde am 20. August 1879 gegr\u00fcndet.<br \/>\nInfos, Geschichte, \u00dcbungen und Ansprechpartner auf der <a href=\"https:\/\/auernheim-mfr.de\/index.php\/vereine\/ffw\/\">\u00dcbersichtsseite der FFW<\/a>.<\/p><\/blockquote>\n<h1><img loading=\"lazy\" decoding=\"async\" class=\"alignright\" src=\"https:\/\/auernheim-mfr.de\/Grafik\/reservistenlogo.gif\" width=\"57\" height=\"76\" \/>Krieger- und Reservistenkameradschaft<\/h1>\n<blockquote><p>Die KRK besteht seit 1873 und wurde 1954 erneut ins Leben gerufen. Ziel ist das kameradschaftliche Miteinander von Jung und Alt.<br \/>\nWeitere Infos und die Geschichte des KRK sind auf der <a href=\"https:\/\/auernheim-mfr.de\/index.php\/vereine\/krk\/\">\u00dcbersicht des KRK<\/a> zu finden<\/p><\/blockquote>\n<h1><img loading=\"lazy\" decoding=\"async\" class=\"wp-image-173 alignright\" src=\"https:\/\/auernheim-mfr.de\/wp-content\/uploads\/2018\/10\/Logo-Posaunenchor-145x300.jpg\" alt=\"\" width=\"56\" height=\"116\" srcset=\"https:\/\/auernheim-mfr.de\/wp-content\/uploads\/2018\/10\/Logo-Posaunenchor-145x300.jpg 145w, https:\/\/auernheim-mfr.de\/wp-content\/uploads\/2018\/10\/Logo-Posaunenchor.jpg 300w\" sizes=\"auto, (max-width: 56px) 100vw, 56px\" \/>Posaunenchor<\/h1>\n<blockquote><p>Der Auernheimer Posaunenchor trifft sich regelm\u00e4\u00dfig zum Proben und sorgt auf Auernheimer Festlichkeiten und weiteren Anl\u00e4ssen f\u00fcr die musikalische Untermalung.<br \/>\nDie Geschichte unseres Posaunenchor ist in der <a href=\"https:\/\/auernheim-mfr.de\/index.php\/vereine\/posaunenchor\/\">Chronik<\/a> zu finden.<\/p><\/blockquote>\n<h1><img loading=\"lazy\" decoding=\"async\" class=\"alignright wp-image-229 \" src=\"https:\/\/auernheim-mfr.de\/wp-content\/uploads\/2018\/12\/SVA-Wappen-dunkelgr\u00fcn-240x300.jpg\" alt=\"\" width=\"69\" height=\"86\" srcset=\"https:\/\/auernheim-mfr.de\/wp-content\/uploads\/2018\/12\/SVA-Wappen-dunkelgr\u00fcn-240x300.jpg 240w, https:\/\/auernheim-mfr.de\/wp-content\/uploads\/2018\/12\/SVA-Wappen-dunkelgr\u00fcn.jpg 600w\" sizes=\"auto, (max-width: 69px) 100vw, 69px\" \/>Sportverein<\/h1>\n<blockquote><p>Der SV Auernheim e.V. wurde gegr\u00fcndet im Jahr 1950.<br \/>\nAktuell werden die Sparten Fussball und Gymnastik angeboten.<br \/>\nInfos, Geschichte und Ansprechpartner auf der <a href=\"https:\/\/auernheim-mfr.de\/index.php\/vereine\/sportverein\/\">\u00dcbersicht zum SVA<\/a>.<\/p><\/blockquote>\n<h1><img loading=\"lazy\" decoding=\"async\" class=\"wp-image-175 alignright\" src=\"https:\/\/auernheim-mfr.de\/wp-content\/uploads\/2018\/10\/Logo-Fanclub-300x249.jpg\" alt=\"\" width=\"72\" height=\"60\" srcset=\"https:\/\/auernheim-mfr.de\/wp-content\/uploads\/2018\/10\/Logo-Fanclub-300x249.jpg 300w, https:\/\/auernheim-mfr.de\/wp-content\/uploads\/2018\/10\/Logo-Fanclub-768x636.jpg 768w, https:\/\/auernheim-mfr.de\/wp-content\/uploads\/2018\/10\/Logo-Fanclub-1024x849.jpg 1024w, https:\/\/auernheim-mfr.de\/wp-content\/uploads\/2018\/10\/Logo-Fanclub.jpg 2048w\" sizes=\"auto, (max-width: 72px) 100vw, 72px\" \/>FCN &#8211; Fanclub &#8222;Glubbfans Auna&#8220;<\/h1>\n<blockquote><p>Der Fanclub wurde 2015 gegr\u00fcndet und hat heute ca. 150 Mitglieder.<br \/>\nMehr Infos unter <a href=\"http:\/\/www.glubbfans-auna.lima-city.de\/\">http:\/\/www.glubbfans-auna.lima-city.de\/<\/a><\/p><\/blockquote>\n<h1><img loading=\"lazy\" decoding=\"async\" class=\"wp-image-174 alignright\" src=\"https:\/\/auernheim-mfr.de\/wp-content\/uploads\/2018\/10\/Logo-H\u00fctte-300x212.jpg\" alt=\"\" width=\"70\" height=\"50\" srcset=\"https:\/\/auernheim-mfr.de\/wp-content\/uploads\/2018\/10\/Logo-H\u00fctte-300x212.jpg 300w, https:\/\/auernheim-mfr.de\/wp-content\/uploads\/2018\/10\/Logo-H\u00fctte-768x543.jpg 768w, https:\/\/auernheim-mfr.de\/wp-content\/uploads\/2018\/10\/Logo-H\u00fctte-1024x724.jpg 1024w, https:\/\/auernheim-mfr.de\/wp-content\/uploads\/2018\/10\/Logo-H\u00fctte.jpg 2048w\" sizes=\"auto, (max-width: 70px) 100vw, 70px\" \/>H\u00fctte Auna<\/h1>\n<blockquote><p>In unverwechselbarer Atmosph\u00e4re abseits des Ortes beim Lagerfeuer versammeln sich Jugend und Junggebliebene, um ausgelassene Feiern steigen zu lassen.<\/p><\/blockquote>\n<h1><img loading=\"lazy\" decoding=\"async\" class=\"wp-image-174 alignright\" src=\"\" alt=\"\" width=\"70\" height=\"50\" \/>Nahw\u00e4rme Auernheim eG<\/h1>\n<blockquote><p>Hier finden Sie alle \u00f6ffentlichen Informationen zur 2021 neu gegr\u00fcndeten Genossenschaft <a href=\"https:\/\/auernheim-mfr.de\/index.php\/vereine\/nahwaerme\/\">Nahw\u00e4rme Auernheim eG<\/a><\/p><\/blockquote>\n","protected":false},"excerpt":{"rendered":"<p>Freiwillige Feuerwehr Unsere FFW wurde am 20. August 1879 gegr\u00fcndet. Infos, Geschichte, \u00dcbungen und Ansprechpartner auf der \u00dcbersichtsseite der FFW. Krieger- und Reservistenkameradschaft Die KRK besteht seit 1873 und wurde 1954 erneut ins Leben gerufen. Ziel ist das kameradschaftliche Miteinander von Jung und Alt. Weitere Infos und die Geschichte des KRK sind auf der \u00dcbersicht [&hellip;]<\/p>\n","protected":false},"author":1,"featured_media":0,"parent":0,"menu_order":0,"comment_status":"closed","ping_status":"closed","template":"template-full-width.php","meta":{"ngg_post_thumbnail":0,"footnotes":""},"class_list":["post-35","page","type-page","status-publish","hentry"],"_links":{"self":[{"href":"https:\/\/auernheim-mfr.de\/index.php\/wp-json\/wp\/v2\/pages\/35","targetHints":{"allow":["GET"]}}],"collection":[{"href":"https:\/\/auernheim-mfr.de\/index.php\/wp-json\/wp\/v2\/pages"}],"about":[{"href":"https:\/\/auernheim-mfr.de\/index.php\/wp-json\/wp\/v2\/types\/page"}],"author":[{"embeddable":true,"href":"https:\/\/auernheim-mfr.de\/index.php\/wp-json\/wp\/v2\/users\/1"}],"replies":[{"embeddable":true,"href":"https:\/\/auernheim-mfr.de\/index.php\/wp-json\/wp\/v2\/comments?post=35"}],"version-history":[{"count":41,"href":"https:\/\/auernheim-mfr.de\/index.php\/wp-json\/wp\/v2\/pages\/35\/revisions"}],"predecessor-version":[{"id":632,"href":"https:\/\/auernheim-mfr.de\/index.php\/wp-json\/wp\/v2\/pages\/35\/revisions\/632"}],"wp:attachment":[{"href":"https:\/\/auernheim-mfr.de\/index.php\/wp-json\/wp\/v2\/media?parent=35"}],"curies":[{"name":"wp","href":"https:\/\/api.w.org\/{rel}","templated":true}]}}